{"id":19937,"date":"2020-12-08T03:54:06","date_gmt":"2020-12-07T22:24:06","guid":{"rendered":"https:\/\/silkwayceylontours.com\/sri-lanka-travel-blog\/"},"modified":"2025-12-03T20:16:41","modified_gmt":"2025-12-03T14:46:41","slug":"sri-lanka-travel-blog","status":"publish","type":"page","link":"https:\/\/silkwayceylontours.com\/da\/sri-lanka-travel-blog\/","title":{"rendered":"Rejseblog om Sri Lanka"},"content":{"rendered":"\t\t<div data-elementor-type=\"wp-page\" data-elementor-id=\"19937\" class=\"elementor elementor-19937 elementor-1074\" data-elementor-post-type=\"page\">\n\t\t\t\t\t\t<section class=\"elementor-section elementor-top-section elementor-element elementor-element-59f29e4 elementor-section-full_width elementor-section-height-default elementor-section-height-default row-top\" data-id=\"59f29e4\" data-element_type=\"section\">\n\t\t\t\t\t\t<div class=\"elementor-container elementor-column-gap-default\">\n\t\t\t\t\t<div class=\"elementor-column elementor-col-100 elementor-top-column elementor-element elementor-element-6754167\" data-id=\"6754167\" data-element_type=\"column\">\n\t\t\t<div class=\"elementor-widget-wrap elementor-element-populated\">\n\t\t\t\t\t\t<div class=\"elementor-element elementor-element-458306b elementor-widget elementor-widget-gva_post_breadcrumb\" data-id=\"458306b\" data-element_type=\"widget\" data-widget_type=\"gva_post_breadcrumb.default\">\n\t\t\t\t<div class=\"elementor-widget-container\">\n\t\t\t<div class=\"gva-element-gva_post_breadcrumb gva-element\">   \r\n<div class=\"post-breadcrumb\">\r\n   <div class=\"custom-breadcrumb \" >\r\n            <div class=\"breadcrumb-main\">\r\n        <div class=\"container\">\r\n          <div class=\"breadcrumb-container-inner\">\r\n            <h2 class=\"heading-title\">Rejseblog om Sri Lanka<\/h2><ol class=\"breadcrumb\"><li><a href=\"https:\/\/silkwayceylontours.com\/da\/\">Home<\/a> <\/li> <li class=\"active\">Side<\/li><\/ol>          <\/div>  \r\n        <\/div>   \r\n      <\/div>  \r\n   <\/div>\r\n<\/div>      \r\n\r\n<\/div>\t\t<\/div>\n\t\t\t\t<\/div>\n\t\t\t\t\t<\/div>\n\t\t<\/div>\n\t\t\t\t\t<\/div>\n\t\t<\/section>\n\t\t\t\t<section class=\"elementor-section elementor-top-section elementor-element elementor-element-1fbe8dbc elementor-section-boxed elementor-section-height-default elementor-section-height-default row-top\" data-id=\"1fbe8dbc\" data-element_type=\"section\">\n\t\t\t\t\t\t<div class=\"elementor-container elementor-column-gap-default\">\n\t\t\t\t\t<div class=\"elementor-column elementor-col-100 elementor-top-column elementor-element elementor-element-505d4390\" data-id=\"505d4390\" data-element_type=\"column\">\n\t\t\t<div class=\"elementor-widget-wrap elementor-element-populated\">\n\t\t\t\t\t\t<div class=\"elementor-element elementor-element-54d6485 elementor-widget elementor-widget-heading\" data-id=\"54d6485\" data-element_type=\"widget\" data-widget_type=\"heading.default\">\n\t\t\t\t<div class=\"elementor-widget-container\">\n\t\t\t<h1 class=\"elementor-heading-title elementor-size-default\">Rejseblog om Sri Lanka<\/h1>\t\t<\/div>\n\t\t\t\t<\/div>\n\t\t\t\t<div class=\"elementor-element elementor-element-4840809 elementor-widget elementor-widget-text-editor\" data-id=\"4840809\" data-element_type=\"widget\" data-widget_type=\"text-editor.default\">\n\t\t\t\t<div class=\"elementor-widget-container\">\n\t\t\t\t\t\t\t<p>Udforsk det bedste af Sri Lanka med vores informative Sri Lanka-rejseblog. Find rejseguider til popul\u00e6re steder som Galle, Ella, Sigiriya, Kandy, Yala, Mirissa, Ahangama, Hiriketiya og meget mere i vores afsnit om ting at lave i Sri Lanka. Gennemse vores afsnit om udflugter i Sri Lanka for at f\u00e5 indblik i popul\u00e6re udflugter s\u00e5som safariture i Sri Lanka, hvalsafari i Sri Lanka, skildpaddesafari i Sri Lanka og meget mere. I afsnittet om nyheder og artikler f\u00e5r du de seneste opdateringer om rejsenyheder fra Sri Lanka, internationale anbefalinger om Sri Lanka og kan l\u00e6se indsigtsfulde artikler om rejser og turisme i Sri Lanka. Planl\u00e6g din dr\u00f8mmeferie til Sri Lanka i dag med vores rejseblog om Sri Lanka.    <\/p>\t\t\t\t\t\t<\/div>\n\t\t\t\t<\/div>\n\t\t\t\t<div class=\"elementor-element elementor-element-9345278 elementor-widget elementor-widget-gva-posts\" data-id=\"9345278\" data-element_type=\"widget\" data-widget_type=\"gva-posts.default\">\n\t\t\t\t<div class=\"elementor-widget-container\">\n\t\t\t<div class=\"gva-element-gva-posts gva-element\"><\/div>\t\t<\/div>\n\t\t\t\t<\/div>\n\t\t\t\t<section class=\"elementor-section elementor-inner-section elementor-element elementor-element-1cee311 elementor-section-boxed elementor-section-height-default elementor-section-height-default row-top\" data-id=\"1cee311\" data-element_type=\"section\">\n\t\t\t\t\t\t<div class=\"elementor-container elementor-column-gap-default\">\n\t\t\t\t\t<div class=\"elementor-column elementor-col-50 elementor-inner-column elementor-element elementor-element-72fb591\" data-id=\"72fb591\" data-element_type=\"column\">\n\t\t\t<div class=\"elementor-widget-wrap elementor-element-populated\">\n\t\t\t\t\t\t<div class=\"elementor-element elementor-element-d7b8197 elementor-widget elementor-widget-gva-heading-block\" data-id=\"d7b8197\" data-element_type=\"widget\" data-widget_type=\"gva-heading-block.default\">\n\t\t\t\t<div class=\"elementor-widget-container\">\n\t\t\t<div class=\"gva-element-gva-heading-block gva-element\">   <div class=\"align-left style-1 widget gsc-heading box-align-left auto-responsive\">\r\n      <div class=\"content-inner\">\r\n         \r\n                  \r\n           \r\n         \r\n                     <h2 class=\"title\">\r\n               <span>Nyheder og artikler<\/span>\r\n            <\/h2>\r\n                  \r\n         \r\n      <\/div>\r\n   <\/div>\r\n<\/div>\t\t<\/div>\n\t\t\t\t<\/div>\n\t\t\t\t\t<\/div>\n\t\t<\/div>\n\t\t\t\t<div class=\"elementor-column elementor-col-50 elementor-inner-column elementor-element elementor-element-0e48c35\" data-id=\"0e48c35\" data-element_type=\"column\">\n\t\t\t<div class=\"elementor-widget-wrap\">\n\t\t\t\t\t\t\t<\/div>\n\t\t<\/div>\n\t\t\t\t\t<\/div>\n\t\t<\/section>\n\t\t\t\t<div class=\"elementor-element elementor-element-95a23c6 eael_liquid_glass-effect1 eael_liquid_glass_shadow-effect1 elementor-widget elementor-widget-jet-listing-grid\" data-id=\"95a23c6\" data-element_type=\"widget\" data-settings=\"{&quot;columns&quot;:3}\" data-widget_type=\"jet-listing-grid.default\">\n\t\t\t\t<div class=\"elementor-widget-container\">\n\t\t\t<div class=\"jet-listing-grid jet-listing\"><div class=\"jet-listing-grid__items grid-col-desk-3 grid-col-tablet-3 grid-col-mobile-3 jet-listing-grid--3875\" data-queried-id=\"18472|WP_Post\" data-nav=\"{&quot;enabled&quot;:true,&quot;type&quot;:&quot;click&quot;,&quot;more_el&quot;:&quot;#loadmore&quot;,&quot;query&quot;:{&quot;post_status&quot;:[&quot;publish&quot;],&quot;post_type&quot;:&quot;post&quot;,&quot;posts_per_page&quot;:&quot;12&quot;,&quot;paged&quot;:&quot;1&quot;,&quot;ignore_sticky_posts&quot;:&quot;1&quot;},&quot;widget_settings&quot;:{&quot;lisitng_id&quot;:3875,&quot;posts_num&quot;:12,&quot;columns&quot;:3,&quot;columns_tablet&quot;:3,&quot;columns_mobile&quot;:3,&quot;is_archive_template&quot;:&quot;&quot;,&quot;post_status&quot;:[&quot;publish&quot;],&quot;use_random_posts_num&quot;:&quot;&quot;,&quot;max_posts_num&quot;:9,&quot;not_found_message&quot;:&quot;Aucune donn\\u00e9e n&#039;a \\u00e9t\\u00e9 trouv\\u00e9e&quot;,&quot;is_masonry&quot;:false,&quot;equal_columns_height&quot;:&quot;&quot;,&quot;use_load_more&quot;:&quot;yes&quot;,&quot;load_more_id&quot;:&quot;loadmore&quot;,&quot;load_more_type&quot;:&quot;click&quot;,&quot;load_more_offset&quot;:{&quot;unit&quot;:&quot;px&quot;,&quot;size&quot;:0,&quot;sizes&quot;:[]},&quot;use_custom_post_types&quot;:&quot;&quot;,&quot;custom_post_types&quot;:[],&quot;hide_widget_if&quot;:&quot;&quot;,&quot;carousel_enabled&quot;:&quot;&quot;,&quot;slides_to_scroll&quot;:&quot;1&quot;,&quot;arrows&quot;:&quot;true&quot;,&quot;arrow_icon&quot;:&quot;fa fa-angle-left&quot;,&quot;dots&quot;:&quot;&quot;,&quot;autoplay&quot;:&quot;true&quot;,&quot;pause_on_hover&quot;:&quot;true&quot;,&quot;autoplay_speed&quot;:5000,&quot;infinite&quot;:&quot;true&quot;,&quot;center_mode&quot;:&quot;&quot;,&quot;effect&quot;:&quot;slide&quot;,&quot;speed&quot;:500,&quot;inject_alternative_items&quot;:&quot;&quot;,&quot;injection_items&quot;:[],&quot;scroll_slider_enabled&quot;:&quot;&quot;,&quot;scroll_slider_on&quot;:[&quot;desktop&quot;,&quot;tablet&quot;,&quot;mobile&quot;],&quot;custom_query&quot;:false,&quot;custom_query_id&quot;:&quot;&quot;,&quot;_element_id&quot;:&quot;&quot;,&quot;collapse_first_last_gap&quot;:false,&quot;list_items_wrapper_tag&quot;:&quot;div&quot;,&quot;list_item_tag&quot;:&quot;div&quot;,&quot;empty_items_wrapper_tag&quot;:&quot;div&quot;}}\" data-page=\"1\" data-pages=\"1\" data-listing-source=\"posts\" data-listing-id=\"3875\" data-query-id=\"\"><div class=\"jet-listing-grid__item jet-listing-dynamic-post-18472\" data-post-id=\"18472\" >\t\t<div data-elementor-type=\"jet-listing-items\" data-elementor-id=\"3875\" class=\"elementor elementor-3875\" data-elementor-post-type=\"jet-engine\">\n\t\t\t\t\t\t<section class=\"elementor-section elementor-top-section elementor-element elementor-element-ab729b9 elementor-section-full_width elementor-section-height-default elementor-section-height-default row-top\" data-id=\"ab729b9\" data-element_type=\"section\">\n\t\t\t\t\t\t<div class=\"elementor-container elementor-column-gap-default\">\n\t\t\t\t\t<div class=\"elementor-column elementor-col-100 elementor-top-column elementor-element elementor-element-92cfddf\" data-id=\"92cfddf\" data-element_type=\"column\">\n\t\t\t<div class=\"elementor-widget-wrap elementor-element-populated\">\n\t\t\t\t\t\t<div class=\"elementor-element elementor-element-4b9fdee elementor-widget elementor-widget-theme-post-featured-image elementor-widget-image\" data-id=\"4b9fdee\" data-element_type=\"widget\" data-widget_type=\"theme-post-featured-image.default\">\n\t\t\t\t<div class=\"elementor-widget-container\">\n\t\t\t\t\t\t\t\t\t\t\t\t\t<img fetchpriority=\"high\" decoding=\"async\" width=\"900\" height=\"900\" src=\"https:\/\/silkwayceylontours.com\/wp-content\/uploads\/2025\/03\/Sigiriya-1024x1024.webp\" class=\"attachment-large size-large wp-image-18473\" alt=\"Sigiriya Sri Lanka\" srcset=\"https:\/\/silkwayceylontours.com\/wp-content\/uploads\/2025\/03\/Sigiriya-1024x1024.webp 1024w, https:\/\/silkwayceylontours.com\/wp-content\/uploads\/2025\/03\/Sigiriya-600x600.webp 600w, https:\/\/silkwayceylontours.com\/wp-content\/uploads\/2025\/03\/Sigiriya-180x180.webp 180w, https:\/\/silkwayceylontours.com\/wp-content\/uploads\/2025\/03\/Sigiriya-768x768.webp 768w, https:\/\/silkwayceylontours.com\/wp-content\/uploads\/2025\/03\/Sigiriya.webp 1280w\" sizes=\"(max-width: 900px) 100vw, 900px\" \/>\t\t\t\t\t\t\t\t\t\t\t\t\t<\/div>\n\t\t\t\t<\/div>\n\t\t\t\t\t<\/div>\n\t\t<\/div>\n\t\t\t\t\t<\/div>\n\t\t<\/section>\n\t\t\t\t<section class=\"elementor-section elementor-top-section elementor-element elementor-element-e15ad8e elementor-section-full_width elementor-section-height-default elementor-section-height-default row-top\" data-id=\"e15ad8e\" data-element_type=\"section\" data-settings=\"{&quot;background_background&quot;:&quot;classic&quot;}\">\n\t\t\t\t\t\t<div class=\"elementor-container elementor-column-gap-default\">\n\t\t\t\t\t<div class=\"elementor-column elementor-col-100 elementor-top-column elementor-element elementor-element-15d3065\" data-id=\"15d3065\" data-element_type=\"column\">\n\t\t\t<div class=\"elementor-widget-wrap elementor-element-populated\">\n\t\t\t\t\t\t<div class=\"elementor-element elementor-element-a49836a entry-title elementor-widget elementor-widget-theme-post-title elementor-page-title elementor-widget-heading\" data-id=\"a49836a\" data-element_type=\"widget\" data-widget_type=\"theme-post-title.default\">\n\t\t\t\t<div class=\"elementor-widget-container\">\n\t\t\t<h3 class=\"elementor-heading-title elementor-size-default\"><a href=\"https:\/\/silkwayceylontours.com\/da\/why-sigiriya-lion-rock-is-a-must-see-for-uk-travellers\/\">Why Sigiriya Lion Rock is a Must-See for UK Travellers<\/a><\/h3>\t\t<\/div>\n\t\t\t\t<\/div>\n\t\t\t\t<div class=\"elementor-element elementor-element-5d9c8eb elementor-widget elementor-widget-post-info\" data-id=\"5d9c8eb\" data-element_type=\"widget\" data-widget_type=\"post-info.default\">\n\t\t\t\t<div class=\"elementor-widget-container\">\n\t\t\t\t\t<ul class=\"elementor-inline-items elementor-icon-list-items elementor-post-info\">\n\t\t\t\t\t\t\t\t<li class=\"elementor-icon-list-item elementor-repeater-item-0acdeb6 elementor-inline-item\" itemprop=\"datePublished\">\n\t\t\t\t\t\t<a href=\"https:\/\/silkwayceylontours.com\/da\/2025\/08\/30\/\">\n\t\t\t\t\t\t\t\t\t\t\t<span class=\"elementor-icon-list-icon\">\n\t\t\t\t\t\t\t\t<i aria-hidden=\"true\" class=\"fas fa-calendar\"><\/i>\t\t\t\t\t\t\t<\/span>\n\t\t\t\t\t\t\t\t\t<span class=\"elementor-icon-list-text elementor-post-info__item elementor-post-info__item--type-date\">\n\t\t\t\t\t\t\t\t\t\t<time>august 30, 2025<\/time>\t\t\t\t\t<\/span>\n\t\t\t\t\t\t\t\t\t<\/a>\n\t\t\t\t<\/li>\n\t\t\t\t<\/ul>\n\t\t\t\t<\/div>\n\t\t\t\t<\/div>\n\t\t\t\t<div class=\"elementor-element elementor-element-6ec281b entry-desc elementor-widget elementor-widget-theme-post-excerpt\" data-id=\"6ec281b\" data-element_type=\"widget\" data-widget_type=\"theme-post-excerpt.default\">\n\t\t\t\t<div class=\"elementor-widget-container\">\n\t\t\tIf you're planning your next adventure from the UK, Sri Lanka offers an incredible mix...\t\t<\/div>\n\t\t\t\t<\/div>\n\t\t\t\t<div class=\"elementor-element elementor-element-379ef3f elementor-align-left elementor-widget elementor-widget-button\" data-id=\"379ef3f\" data-element_type=\"widget\" data-widget_type=\"button.default\">\n\t\t\t\t<div class=\"elementor-widget-container\">\n\t\t\t\t\t<div class=\"elementor-button-wrapper\">\n\t\t\t<a class=\"elementor-button elementor-button-link elementor-size-sm\" href=\"https:\/\/silkwayceylontours.com\/da\/why-sigiriya-lion-rock-is-a-must-see-for-uk-travellers\/\">\n\t\t\t\t\t\t<span class=\"elementor-button-content-wrapper\">\n\t\t\t\t\t\t<span class=\"elementor-button-icon\">\n\t\t\t\t<i aria-hidden=\"true\" class=\"fas fa-arrow-right\"><\/i>\t\t\t<\/span>\n\t\t\t\t\t\t\t\t\t<span class=\"elementor-button-text\">Read More<\/span>\n\t\t\t\t\t<\/span>\n\t\t\t\t\t<\/a>\n\t\t<\/div>\n\t\t\t\t<\/div>\n\t\t\t\t<\/div>\n\t\t\t\t\t<\/div>\n\t\t<\/div>\n\t\t\t\t\t<\/div>\n\t\t<\/section>\n\t\t\t\t<\/div>\n\t\t<\/div><\/div><\/div>\t\t<\/div>\n\t\t\t\t<\/div>\n\t\t\t\t<div class=\"elementor-element elementor-element-aa296eb elementor-align-center elementor-widget elementor-widget-button\" data-id=\"aa296eb\" data-element_type=\"widget\" data-widget_type=\"button.default\">\n\t\t\t\t<div class=\"elementor-widget-container\">\n\t\t\t\t\t<div class=\"elementor-button-wrapper\">\n\t\t\t<a class=\"elementor-button elementor-size-sm\" role=\"button\" id=\"loadmore\">\n\t\t\t\t\t\t<span class=\"elementor-button-content-wrapper\">\n\t\t\t\t\t\t\t\t\t<span class=\"elementor-button-text\">Se mere<\/span>\n\t\t\t\t\t<\/span>\n\t\t\t\t\t<\/a>\n\t\t<\/div>\n\t\t\t\t<\/div>\n\t\t\t\t<\/div>\n\t\t\t\t\t<\/div>\n\t\t<\/div>\n\t\t\t\t\t<\/div>\n\t\t<\/section>\n\t\t\t\t<\/div>\n\t\t","protected":false},"excerpt":{"rendered":"<p>Rejseblog om Sri Lanka Home Page Rejseblog om Sri Lanka Udforsk det bedste af Sri Lanka med vores informative Sri Lanka-rejseblog. Find rejseguider til popul\u00e6re steder som Galle, Ella, Sigiriya, Kandy, Yala, Mirissa, Ahangama, Hiriketiya og meget mere i vores afsnit om ting at lave i Sri Lanka. Gennemse vores afsnit om udflugter i Sri [&hellip;]<\/p>\n","protected":false},"author":1,"featured_media":0,"parent":0,"menu_order":0,"comment_status":"closed","ping_status":"closed","template":"","meta":{"_acf_changed":false,"footnotes":""},"class_list":["post-19937","page","type-page","status-publish","hentry"],"acf":[],"yoast_head":"<!-- This site is optimized with the Yoast SEO plugin v27.4 - https:\/\/yoast.com\/product\/yoast-seo-wordpress\/ -->\n<title>Rejseblog om Sri Lanka | Ting at lave i Sri Lanka<\/title>\n<meta name=\"description\" content=\"Vores Sri Lanka-rejseblog giver dig de bedste rejsevejledninger og tips til Sri Lanka. Udforsk turistm\u00e5l i Sri Lanka og aktiviteter i Sri Lanka.\" \/>\n<meta name=\"robots\" content=\"index, follow, max-snippet:-1, max-image-preview:large, max-video-preview:-1\" \/>\n<link rel=\"canonical\" href=\"https:\/\/silkwayceylontours.com\/da\/sri-lanka-travel-blog\/\" \/>\n<meta property=\"og:locale\" content=\"da_DK\" \/>\n<meta property=\"og:type\" content=\"article\" \/>\n<meta property=\"og:title\" content=\"Rejseblog om Sri Lanka | Ting at lave i Sri Lanka\" \/>\n<meta property=\"og:description\" content=\"Vores Sri Lanka-rejseblog giver dig de bedste rejsevejledninger og tips til Sri Lanka. Udforsk turistm\u00e5l i Sri Lanka og aktiviteter i Sri Lanka.\" \/>\n<meta property=\"og:url\" content=\"https:\/\/silkwayceylontours.com\/da\/sri-lanka-travel-blog\/\" \/>\n<meta property=\"og:site_name\" content=\"Silk Way Ceylon Tours Pvt Ltd\" \/>\n<meta property=\"article:modified_time\" content=\"2025-12-03T14:46:41+00:00\" \/>\n<meta name=\"twitter:card\" content=\"summary_large_image\" \/>\n<meta name=\"twitter:label1\" content=\"Estimeret l\u00e6setid\" \/>\n\t<meta name=\"twitter:data1\" content=\"2 minutter\" \/>\n<!-- \/ Yoast SEO plugin. -->","yoast_head_json":{"title":"Rejseblog om Sri Lanka | Ting at lave i Sri Lanka","description":"Vores Sri Lanka-rejseblog giver dig de bedste rejsevejledninger og tips til Sri Lanka. Udforsk turistm\u00e5l i Sri Lanka og aktiviteter i Sri Lanka.","robots":{"index":"index","follow":"follow","max-snippet":"max-snippet:-1","max-image-preview":"max-image-preview:large","max-video-preview":"max-video-preview:-1"},"canonical":"https:\/\/silkwayceylontours.com\/da\/sri-lanka-travel-blog\/","og_locale":"da_DK","og_type":"article","og_title":"Rejseblog om Sri Lanka | Ting at lave i Sri Lanka","og_description":"Vores Sri Lanka-rejseblog giver dig de bedste rejsevejledninger og tips til Sri Lanka. Udforsk turistm\u00e5l i Sri Lanka og aktiviteter i Sri Lanka.","og_url":"https:\/\/silkwayceylontours.com\/da\/sri-lanka-travel-blog\/","og_site_name":"Silk Way Ceylon Tours Pvt Ltd","article_modified_time":"2025-12-03T14:46:41+00:00","twitter_card":"summary_large_image","twitter_misc":{"Estimeret l\u00e6setid":"2 minutter"},"schema":{"@context":"https:\/\/schema.org","@graph":[{"@type":"WebPage","@id":"https:\/\/silkwayceylontours.com\/da\/sri-lanka-travel-blog\/","url":"https:\/\/silkwayceylontours.com\/da\/sri-lanka-travel-blog\/","name":"Rejseblog om Sri Lanka | Ting at lave i Sri Lanka","isPartOf":{"@id":"https:\/\/silkwayceylontours.com\/#website"},"datePublished":"2020-12-07T22:24:06+00:00","dateModified":"2025-12-03T14:46:41+00:00","description":"Vores Sri Lanka-rejseblog giver dig de bedste rejsevejledninger og tips til Sri Lanka. Udforsk turistm\u00e5l i Sri Lanka og aktiviteter i Sri Lanka.","breadcrumb":{"@id":"https:\/\/silkwayceylontours.com\/da\/sri-lanka-travel-blog\/#breadcrumb"},"inLanguage":"da-DK","potentialAction":[{"@type":"ReadAction","target":["https:\/\/silkwayceylontours.com\/da\/sri-lanka-travel-blog\/"]}]},{"@type":"BreadcrumbList","@id":"https:\/\/silkwayceylontours.com\/da\/sri-lanka-travel-blog\/#breadcrumb","itemListElement":[{"@type":"ListItem","position":1,"name":"Home","item":"https:\/\/silkwayceylontours.com\/"},{"@type":"ListItem","position":2,"name":"Rejseblog om Sri Lanka"}]},{"@type":"WebSite","@id":"https:\/\/silkwayceylontours.com\/#website","url":"https:\/\/silkwayceylontours.com\/","name":"Silk Way Ceylon Tours Pvt Ltd","description":"Best Travel Agent in Sri Lanka","potentialAction":[{"@type":"SearchAction","target":{"@type":"EntryPoint","urlTemplate":"https:\/\/silkwayceylontours.com\/?s={search_term_string}"},"query-input":{"@type":"PropertyValueSpecification","valueRequired":true,"valueName":"search_term_string"}}],"inLanguage":"da-DK"}]}},"_links":{"self":[{"href":"https:\/\/silkwayceylontours.com\/da\/wp-json\/wp\/v2\/pages\/19937","targetHints":{"allow":["GET"]}}],"collection":[{"href":"https:\/\/silkwayceylontours.com\/da\/wp-json\/wp\/v2\/pages"}],"about":[{"href":"https:\/\/silkwayceylontours.com\/da\/wp-json\/wp\/v2\/types\/page"}],"author":[{"embeddable":true,"href":"https:\/\/silkwayceylontours.com\/da\/wp-json\/wp\/v2\/users\/1"}],"replies":[{"embeddable":true,"href":"https:\/\/silkwayceylontours.com\/da\/wp-json\/wp\/v2\/comments?post=19937"}],"version-history":[{"count":26,"href":"https:\/\/silkwayceylontours.com\/da\/wp-json\/wp\/v2\/pages\/19937\/revisions"}],"predecessor-version":[{"id":25821,"href":"https:\/\/silkwayceylontours.com\/da\/wp-json\/wp\/v2\/pages\/19937\/revisions\/25821"}],"wp:attachment":[{"href":"https:\/\/silkwayceylontours.com\/da\/wp-json\/wp\/v2\/media?parent=19937"}],"curies":[{"name":"wp","href":"https:\/\/api.w.org\/{rel}","templated":true}]}}