{"id":19890,"date":"2024-05-27T10:26:24","date_gmt":"2024-05-27T04:56:24","guid":{"rendered":"https:\/\/silkwayceylontours.com\/invest-with-us\/"},"modified":"2025-10-15T15:12:54","modified_gmt":"2025-10-15T09:42:54","slug":"invest-with-us","status":"publish","type":"page","link":"https:\/\/silkwayceylontours.com\/no\/invest-with-us\/","title":{"rendered":"Invester hos oss"},"content":{"rendered":"\t\t<div data-elementor-type=\"wp-page\" data-elementor-id=\"19890\" class=\"elementor elementor-19890 elementor-2629\" data-elementor-post-type=\"page\">\n\t\t\t\t\t\t<section class=\"elementor-section elementor-top-section elementor-element elementor-element-059d353 elementor-section-full_width elementor-section-height-default elementor-section-height-default row-top\" data-id=\"059d353\" data-element_type=\"section\">\n\t\t\t\t\t\t<div class=\"elementor-container elementor-column-gap-default\">\n\t\t\t\t\t<div class=\"elementor-column elementor-col-100 elementor-top-column elementor-element elementor-element-e1161d3\" data-id=\"e1161d3\" data-element_type=\"column\">\n\t\t\t<div class=\"elementor-widget-wrap elementor-element-populated\">\n\t\t\t\t\t\t<div class=\"elementor-element elementor-element-3ff6c9b elementor-widget elementor-widget-gva_post_breadcrumb\" data-id=\"3ff6c9b\" data-element_type=\"widget\" data-widget_type=\"gva_post_breadcrumb.default\">\n\t\t\t\t<div class=\"elementor-widget-container\">\n\t\t\t<div class=\"gva-element-gva_post_breadcrumb gva-element\">   \r\n<div class=\"post-breadcrumb\">\r\n   <div class=\"custom-breadcrumb \" >\r\n            <div class=\"breadcrumb-main\">\r\n        <div class=\"container\">\r\n          <div class=\"breadcrumb-container-inner\">\r\n            <h2 class=\"heading-title\">Invester hos oss<\/h2><ol class=\"breadcrumb\"><li><a href=\"https:\/\/silkwayceylontours.com\/no\/\">Home<\/a> <\/li> <li class=\"active\">Side<\/li><\/ol>          <\/div>  \r\n        <\/div>   \r\n      <\/div>  \r\n   <\/div>\r\n<\/div>      \r\n\r\n<\/div>\t\t<\/div>\n\t\t\t\t<\/div>\n\t\t\t\t\t<\/div>\n\t\t<\/div>\n\t\t\t\t\t<\/div>\n\t\t<\/section>\n\t\t\t\t<section class=\"elementor-section elementor-top-section elementor-element elementor-element-ac8a362 elementor-section-boxed elementor-section-height-default elementor-section-height-default row-top\" data-id=\"ac8a362\" data-element_type=\"section\">\n\t\t\t\t\t\t<div class=\"elementor-container elementor-column-gap-default\">\n\t\t\t\t\t<div class=\"elementor-column elementor-col-50 elementor-top-column elementor-element elementor-element-79f8f7f\" data-id=\"79f8f7f\" data-element_type=\"column\">\n\t\t\t<div class=\"elementor-widget-wrap elementor-element-populated\">\n\t\t\t\t\t\t<div class=\"elementor-element elementor-element-6b56b23 elementor-widget elementor-widget-image\" data-id=\"6b56b23\" data-element_type=\"widget\" data-widget_type=\"image.default\">\n\t\t\t\t<div class=\"elementor-widget-container\">\n\t\t\t\t\t\t\t\t\t\t\t\t\t<img fetchpriority=\"high\" decoding=\"async\" width=\"1280\" height=\"720\" src=\"https:\/\/silkwayceylontours.com\/wp-content\/uploads\/2024\/05\/aerial-view-of-colombo-city-2024-01-02-19-20-30-utc-1280.jpg\" class=\"attachment-full size-full wp-image-18823\" alt=\"\" srcset=\"https:\/\/silkwayceylontours.com\/wp-content\/uploads\/2024\/05\/aerial-view-of-colombo-city-2024-01-02-19-20-30-utc-1280.jpg 1280w, https:\/\/silkwayceylontours.com\/wp-content\/uploads\/2024\/05\/aerial-view-of-colombo-city-2024-01-02-19-20-30-utc-1280-1024x576.jpg 1024w, https:\/\/silkwayceylontours.com\/wp-content\/uploads\/2024\/05\/aerial-view-of-colombo-city-2024-01-02-19-20-30-utc-1280-768x432.jpg 768w\" sizes=\"(max-width: 1280px) 100vw, 1280px\" \/>\t\t\t\t\t\t\t\t\t\t\t\t\t<\/div>\n\t\t\t\t<\/div>\n\t\t\t\t\t<\/div>\n\t\t<\/div>\n\t\t\t\t<div class=\"elementor-column elementor-col-50 elementor-top-column elementor-element elementor-element-08488df\" data-id=\"08488df\" data-element_type=\"column\">\n\t\t\t<div class=\"elementor-widget-wrap elementor-element-populated\">\n\t\t\t\t\t\t<div class=\"elementor-element elementor-element-54a7b03 elementor-widget elementor-widget-heading\" data-id=\"54a7b03\" data-element_type=\"widget\" data-widget_type=\"heading.default\">\n\t\t\t\t<div class=\"elementor-widget-container\">\n\t\t\t<h1 class=\"elementor-heading-title elementor-size-default\">Investeringsmuligheter i Sri Lankas turistindustri<\/h1>\t\t<\/div>\n\t\t\t\t<\/div>\n\t\t\t\t<div class=\"elementor-element elementor-element-3e6e914 elementor-widget elementor-widget-text-editor\" data-id=\"3e6e914\" data-element_type=\"widget\" data-widget_type=\"text-editor.default\">\n\t\t\t\t<div class=\"elementor-widget-container\">\n\t\t\t\t\t\t\t<p>Sri Lankas reiselivsbransje har et enormt potensial for vekst og utvikling, da den tilbyr et mangfoldig utvalg av aktiviteter som passer for alle reisendes interesser, inkludert surfing, snorkling, dykking, fotturer, safarier, kulturelle turer, velv\u00e6returer og mye mer. Det er prognosert at Sri Lanka vil n\u00e5 4 millioner \u00e5rlige turistankomster innen 2030, og vi tror at Sri Lanka vil posisjonere seg som en ledende destinasjon i det globale reiselivsmarkedet.<\/p><p>Med denne utviklingen som selskap er vi i ferd med \u00e5 utvide v\u00e5rt forretningsomr\u00e5de og er klare til \u00e5 presentere noen unike forretningsmuligheter i Sri Lankas turistindustri for investorer over hele verden.<\/p>\t\t\t\t\t\t<\/div>\n\t\t\t\t<\/div>\n\t\t\t\t\t<\/div>\n\t\t<\/div>\n\t\t\t\t\t<\/div>\n\t\t<\/section>\n\t\t\t\t<section class=\"elementor-section elementor-top-section elementor-element elementor-element-d7b1d28 elementor-section-boxed elementor-section-height-default elementor-section-height-default row-top\" data-id=\"d7b1d28\" data-element_type=\"section\">\n\t\t\t\t\t\t<div class=\"elementor-container elementor-column-gap-default\">\n\t\t\t\t\t<div class=\"elementor-column elementor-col-100 elementor-top-column elementor-element elementor-element-c6b9ce5\" data-id=\"c6b9ce5\" data-element_type=\"column\">\n\t\t\t<div class=\"elementor-widget-wrap elementor-element-populated\">\n\t\t\t\t\t\t<div class=\"elementor-element elementor-element-dac10c5 elementor-widget elementor-widget-heading\" data-id=\"dac10c5\" data-element_type=\"widget\" data-widget_type=\"heading.default\">\n\t\t\t\t<div class=\"elementor-widget-container\">\n\t\t\t<h3 class=\"elementor-heading-title elementor-size-default\">Boutiquehotellprosjekt i Rathmale, en kystby i s\u00f8r n\u00e6r den popul\u00e6re surfestranden Hiriketiya<\/h3>\t\t<\/div>\n\t\t\t\t<\/div>\n\t\t\t\t<div class=\"elementor-element elementor-element-28522b5 elementor-widget elementor-widget-text-editor\" data-id=\"28522b5\" data-element_type=\"widget\" data-widget_type=\"text-editor.default\">\n\t\t\t\t<div class=\"elementor-widget-container\">\n\t\t\t\t\t\t\t<p>Kasturi Holdings, v\u00e5r investeringsavdeling, er i ferd med \u00e5 investere i et boutiquehotellprosjekt i den s\u00f8rlige delen av Sri Lanka, kjent for sine fantastiske strender, rike kultur og voksende turistindustri. Stedet som er valgt for boutiquehotellprosjektet ligger i Rathmale, en vakker landsby i den s\u00f8rlige delen av landet, hvorfra du har enkel tilgang til noen popul\u00e6re turistattraksjoner som Hiriketiya Surf Beach, Dickwella Beach, Blue Beach Island og Dondra Light House i Matara.<\/p><p>\u00c5 investere i hotellbransjen i Sri Lanka er absolutt en l\u00f8nnsom satsing med riktig planlegging og ledelse. Vi er p\u00e5 utkikk etter potensielle samarbeidspartnere blant utenlandske akt\u00f8rer og turoperat\u00f8rer som \u00f8nsker \u00e5 samarbeide med oss i denne spennende reisen.<\/p>\t\t\t\t\t\t<\/div>\n\t\t\t\t<\/div>\n\t\t\t\t<div class=\"elementor-element elementor-element-7846f66 elementor-widget elementor-widget-gallery\" data-id=\"7846f66\" data-element_type=\"widget\" data-settings=\"{&quot;gallery_layout&quot;:&quot;justified&quot;,&quot;ideal_row_height&quot;:{&quot;unit&quot;:&quot;px&quot;,&quot;size&quot;:300,&quot;sizes&quot;:[]},&quot;ideal_row_height_tablet&quot;:{&quot;unit&quot;:&quot;px&quot;,&quot;size&quot;:240,&quot;sizes&quot;:[]},&quot;ideal_row_height_mobile&quot;:{&quot;unit&quot;:&quot;px&quot;,&quot;size&quot;:100,&quot;sizes&quot;:[]},&quot;lazyload&quot;:&quot;yes&quot;,&quot;gap&quot;:{&quot;unit&quot;:&quot;px&quot;,&quot;size&quot;:10,&quot;sizes&quot;:[]},&quot;gap_tablet&quot;:{&quot;unit&quot;:&quot;px&quot;,&quot;size&quot;:10,&quot;sizes&quot;:[]},&quot;gap_mobile&quot;:{&quot;unit&quot;:&quot;px&quot;,&quot;size&quot;:10,&quot;sizes&quot;:[]},&quot;link_to&quot;:&quot;file&quot;,&quot;overlay_background&quot;:&quot;yes&quot;,&quot;content_hover_animation&quot;:&quot;fade-in&quot;}\" data-widget_type=\"gallery.default\">\n\t\t\t\t<div class=\"elementor-widget-container\">\n\t\t\t\t\t<div class=\"elementor-gallery__container\">\n\t\t\t\t\t\t\t<a class=\"e-gallery-item elementor-gallery-item elementor-animated-content\" href=\"https:\/\/silkwayceylontours.com\/wp-content\/uploads\/2024\/05\/IMG_2310.jpg\" data-elementor-open-lightbox=\"yes\" data-elementor-lightbox-slideshow=\"7846f66\" data-elementor-lightbox-title=\"IMG_2310\" data-e-action-hash=\"#elementor-action%3Aaction%3Dlightbox%26settings%3DeyJpZCI6Mjg4NCwidXJsIjoiaHR0cHM6XC9cL3NpbGt3YXljZXlsb250b3Vycy5jb21cL3dwLWNvbnRlbnRcL3VwbG9hZHNcLzIwMjRcLzA1XC9JTUdfMjMxMC5qcGciLCJzbGlkZXNob3ciOiI3ODQ2ZjY2In0%3D\">\n\t\t\t\t\t<div class=\"e-gallery-image elementor-gallery-item__image\" data-thumbnail=\"https:\/\/silkwayceylontours.com\/wp-content\/uploads\/2024\/05\/IMG_2310-600x600.jpg\" data-width=\"600\" data-height=\"600\" aria-label=\"\" role=\"img\" ><\/div>\n\t\t\t\t\t\t\t\t\t\t\t<div class=\"elementor-gallery-item__overlay\"><\/div>\n\t\t\t\t\t\t\t\t\t\t\t\t\t\t<\/a>\n\t\t\t\t\t\t\t<a class=\"e-gallery-item elementor-gallery-item elementor-animated-content\" href=\"https:\/\/silkwayceylontours.com\/wp-content\/uploads\/2024\/05\/Paddy.jpg\" data-elementor-open-lightbox=\"yes\" data-elementor-lightbox-slideshow=\"7846f66\" data-elementor-lightbox-title=\"Paddy\" data-e-action-hash=\"#elementor-action%3Aaction%3Dlightbox%26settings%3DeyJpZCI6Mjg4NSwidXJsIjoiaHR0cHM6XC9cL3NpbGt3YXljZXlsb250b3Vycy5jb21cL3dwLWNvbnRlbnRcL3VwbG9hZHNcLzIwMjRcLzA1XC9QYWRkeS5qcGciLCJzbGlkZXNob3ciOiI3ODQ2ZjY2In0%3D\">\n\t\t\t\t\t<div class=\"e-gallery-image elementor-gallery-item__image\" data-thumbnail=\"https:\/\/silkwayceylontours.com\/wp-content\/uploads\/2024\/05\/Paddy-600x600.jpg\" data-width=\"600\" data-height=\"600\" aria-label=\"\" role=\"img\" ><\/div>\n\t\t\t\t\t\t\t\t\t\t\t<div class=\"elementor-gallery-item__overlay\"><\/div>\n\t\t\t\t\t\t\t\t\t\t\t\t\t\t<\/a>\n\t\t\t\t\t\t\t<a class=\"e-gallery-item elementor-gallery-item elementor-animated-content\" href=\"https:\/\/silkwayceylontours.com\/wp-content\/uploads\/2024\/05\/Matara-Rail-Way.jpg\" data-elementor-open-lightbox=\"yes\" data-elementor-lightbox-slideshow=\"7846f66\" data-elementor-lightbox-title=\"Matara Rail Way\" data-e-action-hash=\"#elementor-action%3Aaction%3Dlightbox%26settings%3DeyJpZCI6Mjg4NywidXJsIjoiaHR0cHM6XC9cL3NpbGt3YXljZXlsb250b3Vycy5jb21cL3dwLWNvbnRlbnRcL3VwbG9hZHNcLzIwMjRcLzA1XC9NYXRhcmEtUmFpbC1XYXkuanBnIiwic2xpZGVzaG93IjoiNzg0NmY2NiJ9\">\n\t\t\t\t\t<div class=\"e-gallery-image elementor-gallery-item__image\" data-thumbnail=\"https:\/\/silkwayceylontours.com\/wp-content\/uploads\/2024\/05\/Matara-Rail-Way-600x600.jpg\" data-width=\"600\" data-height=\"600\" aria-label=\"\" role=\"img\" ><\/div>\n\t\t\t\t\t\t\t\t\t\t\t<div class=\"elementor-gallery-item__overlay\"><\/div>\n\t\t\t\t\t\t\t\t\t\t\t\t\t\t<\/a>\n\t\t\t\t\t<\/div>\n\t\t\t<\/div>\n\t\t\t\t<\/div>\n\t\t\t\t<div class=\"elementor-element elementor-element-fc7f3d5 elementor-widget elementor-widget-heading\" data-id=\"fc7f3d5\" data-element_type=\"widget\" data-widget_type=\"heading.default\">\n\t\t\t\t<div class=\"elementor-widget-container\">\n\t\t\t<h3 class=\"elementor-heading-title elementor-size-default\">Te- og kanelplantasjeprosjekter<\/h3>\t\t<\/div>\n\t\t\t\t<\/div>\n\t\t\t\t<div class=\"elementor-element elementor-element-8db78e2 elementor-widget elementor-widget-text-editor\" data-id=\"8db78e2\" data-element_type=\"widget\" data-widget_type=\"text-editor.default\">\n\t\t\t\t<div class=\"elementor-widget-container\">\n\t\t\t\t\t\t\t<p>Sri Lankas te og kanel er sv\u00e6rt etterspurt globalt p\u00e5 grunn av sin unike smak og kvalitet. \u00c5 investere i te- og kanelplantasjer p\u00e5 Sri Lanka er uten tvil en l\u00f8nnsom mulighet, ettersom landet er kjent for \u00e5 produsere te og krydder av h\u00f8y kvalitet til eksportmarkedene.<\/p>\t\t\t\t\t\t<\/div>\n\t\t\t\t<\/div>\n\t\t\t\t<div class=\"elementor-element elementor-element-887fea7 elementor-widget elementor-widget-gallery\" data-id=\"887fea7\" data-element_type=\"widget\" data-settings=\"{&quot;gallery_layout&quot;:&quot;justified&quot;,&quot;ideal_row_height&quot;:{&quot;unit&quot;:&quot;px&quot;,&quot;size&quot;:300,&quot;sizes&quot;:[]},&quot;ideal_row_height_tablet&quot;:{&quot;unit&quot;:&quot;px&quot;,&quot;size&quot;:240,&quot;sizes&quot;:[]},&quot;ideal_row_height_mobile&quot;:{&quot;unit&quot;:&quot;px&quot;,&quot;size&quot;:100,&quot;sizes&quot;:[]},&quot;lazyload&quot;:&quot;yes&quot;,&quot;gap&quot;:{&quot;unit&quot;:&quot;px&quot;,&quot;size&quot;:10,&quot;sizes&quot;:[]},&quot;gap_tablet&quot;:{&quot;unit&quot;:&quot;px&quot;,&quot;size&quot;:10,&quot;sizes&quot;:[]},&quot;gap_mobile&quot;:{&quot;unit&quot;:&quot;px&quot;,&quot;size&quot;:10,&quot;sizes&quot;:[]},&quot;link_to&quot;:&quot;file&quot;,&quot;overlay_background&quot;:&quot;yes&quot;,&quot;content_hover_animation&quot;:&quot;fade-in&quot;}\" data-widget_type=\"gallery.default\">\n\t\t\t\t<div class=\"elementor-widget-container\">\n\t\t\t\t\t<div class=\"elementor-gallery__container\">\n\t\t\t\t\t\t\t<a class=\"e-gallery-item elementor-gallery-item elementor-animated-content\" href=\"https:\/\/silkwayceylontours.com\/wp-content\/uploads\/2024\/05\/converted_image_2-14.webp\" data-elementor-open-lightbox=\"yes\" data-elementor-lightbox-slideshow=\"887fea7\" data-elementor-lightbox-title=\"converted_image_2 (14)\" data-e-action-hash=\"#elementor-action%3Aaction%3Dlightbox%26settings%3DeyJpZCI6MjMxMiwidXJsIjoiaHR0cHM6XC9cL3NpbGt3YXljZXlsb250b3Vycy5jb21cL3dwLWNvbnRlbnRcL3VwbG9hZHNcLzIwMjRcLzA1XC9jb252ZXJ0ZWRfaW1hZ2VfMi0xNC53ZWJwIiwic2xpZGVzaG93IjoiODg3ZmVhNyJ9\">\n\t\t\t\t\t<div class=\"e-gallery-image elementor-gallery-item__image\" data-thumbnail=\"https:\/\/silkwayceylontours.com\/wp-content\/uploads\/2024\/05\/converted_image_2-14-600x600.webp\" data-width=\"600\" data-height=\"600\" aria-label=\"\" role=\"img\" ><\/div>\n\t\t\t\t\t\t\t\t\t\t\t<div class=\"elementor-gallery-item__overlay\"><\/div>\n\t\t\t\t\t\t\t\t\t\t\t\t\t\t<\/a>\n\t\t\t\t\t\t\t<a class=\"e-gallery-item elementor-gallery-item elementor-animated-content\" href=\"https:\/\/silkwayceylontours.com\/wp-content\/uploads\/2024\/05\/converted_image_3-15.webp\" data-elementor-open-lightbox=\"yes\" data-elementor-lightbox-slideshow=\"887fea7\" data-elementor-lightbox-title=\"converted_image_3 (15)\" data-e-action-hash=\"#elementor-action%3Aaction%3Dlightbox%26settings%3DeyJpZCI6MjMxMywidXJsIjoiaHR0cHM6XC9cL3NpbGt3YXljZXlsb250b3Vycy5jb21cL3dwLWNvbnRlbnRcL3VwbG9hZHNcLzIwMjRcLzA1XC9jb252ZXJ0ZWRfaW1hZ2VfMy0xNS53ZWJwIiwic2xpZGVzaG93IjoiODg3ZmVhNyJ9\">\n\t\t\t\t\t<div class=\"e-gallery-image elementor-gallery-item__image\" data-thumbnail=\"https:\/\/silkwayceylontours.com\/wp-content\/uploads\/2024\/05\/converted_image_3-15-600x600.webp\" data-width=\"600\" data-height=\"600\" aria-label=\"\" role=\"img\" ><\/div>\n\t\t\t\t\t\t\t\t\t\t\t<div class=\"elementor-gallery-item__overlay\"><\/div>\n\t\t\t\t\t\t\t\t\t\t\t\t\t\t<\/a>\n\t\t\t\t\t\t\t<a class=\"e-gallery-item elementor-gallery-item elementor-animated-content\" href=\"https:\/\/silkwayceylontours.com\/wp-content\/uploads\/2024\/05\/converted_image_1-15.webp\" data-elementor-open-lightbox=\"yes\" data-elementor-lightbox-slideshow=\"887fea7\" data-elementor-lightbox-title=\"converted_image_1 (15)\" data-e-action-hash=\"#elementor-action%3Aaction%3Dlightbox%26settings%3DeyJpZCI6MjMxMCwidXJsIjoiaHR0cHM6XC9cL3NpbGt3YXljZXlsb250b3Vycy5jb21cL3dwLWNvbnRlbnRcL3VwbG9hZHNcLzIwMjRcLzA1XC9jb252ZXJ0ZWRfaW1hZ2VfMS0xNS53ZWJwIiwic2xpZGVzaG93IjoiODg3ZmVhNyJ9\">\n\t\t\t\t\t<div class=\"e-gallery-image elementor-gallery-item__image\" data-thumbnail=\"https:\/\/silkwayceylontours.com\/wp-content\/uploads\/2024\/05\/converted_image_1-15-600x600.webp\" data-width=\"600\" data-height=\"600\" aria-label=\"\" role=\"img\" ><\/div>\n\t\t\t\t\t\t\t\t\t\t\t<div class=\"elementor-gallery-item__overlay\"><\/div>\n\t\t\t\t\t\t\t\t\t\t\t\t\t\t<\/a>\n\t\t\t\t\t<\/div>\n\t\t\t<\/div>\n\t\t\t\t<\/div>\n\t\t\t\t<div class=\"elementor-element elementor-element-cdfb825 elementor-widget elementor-widget-text-editor\" data-id=\"cdfb825\" data-element_type=\"widget\" data-widget_type=\"text-editor.default\">\n\t\t\t\t<div class=\"elementor-widget-container\">\n\t\t\t\t\t\t\t<p><em>Hvis du \u00f8nsker \u00e5 h\u00f8re mer om investeringsmuligheter knyttet til turisme i Sri Lanka, kan du kontakte oss via <a href=\"mailto:silkwayceylontours@gmail.com\">silkwayceylontours@gmail.com<\/a><\/em><\/p>\t\t\t\t\t\t<\/div>\n\t\t\t\t<\/div>\n\t\t\t\t\t<\/div>\n\t\t<\/div>\n\t\t\t\t\t<\/div>\n\t\t<\/section>\n\t\t\t\t<\/div>\n\t\t","protected":false},"excerpt":{"rendered":"<p>Invest With Us Home Page Investeringsmuligheter i Sri Lankas turistindustri Sri Lankas reiselivsbransje har et enormt potensial for vekst og utvikling, da den tilbyr et mangfoldig utvalg av aktiviteter som passer for alle reisendes interesser, inkludert surfing, snorkling, dykking, fotturer, safarier, kulturelle turer, velv\u00e6returer og mye mer. Det er prognosert at Sri Lanka vil n\u00e5 [&hellip;]<\/p>\n","protected":false},"author":1,"featured_media":0,"parent":0,"menu_order":0,"comment_status":"closed","ping_status":"closed","template":"","meta":{"_acf_changed":false,"footnotes":""},"class_list":["post-19890","page","type-page","status-publish","hentry"],"acf":[],"yoast_head":"<!-- This site is optimized with the Yoast SEO plugin v27.4 - https:\/\/yoast.com\/product\/yoast-seo-wordpress\/ -->\n<title>Sri Lanka Tourism Investment Opportunities | Hotels, Resorts<\/title>\n<meta name=\"description\" content=\"Explore more in Sri Lanka Tourism Investment Opportunities. Development projects, real estate, and more\" \/>\n<meta name=\"robots\" content=\"index, follow, max-snippet:-1, max-image-preview:large, max-video-preview:-1\" \/>\n<link rel=\"canonical\" href=\"https:\/\/silkwayceylontours.com\/no\/invest-with-us\/\" \/>\n<meta property=\"og:locale\" content=\"nb_NO\" \/>\n<meta property=\"og:type\" content=\"article\" \/>\n<meta property=\"og:title\" content=\"Sri Lanka Tourism Investment Opportunities | Hotels, Resorts\" \/>\n<meta property=\"og:description\" content=\"Explore more in Sri Lanka Tourism Investment Opportunities. Development projects, real estate, and more\" \/>\n<meta property=\"og:url\" content=\"https:\/\/silkwayceylontours.com\/no\/invest-with-us\/\" \/>\n<meta property=\"og:site_name\" content=\"Silk Way Ceylon Tours Pvt Ltd\" \/>\n<meta property=\"article:modified_time\" content=\"2025-10-15T09:42:54+00:00\" \/>\n<meta property=\"og:image\" content=\"https:\/\/silkwayceylontours.com\/wp-content\/uploads\/2024\/05\/aerial-view-of-colombo-city-2024-01-02-19-20-30-utc-1280.jpg\" \/>\n\t<meta property=\"og:image:width\" content=\"1280\" \/>\n\t<meta property=\"og:image:height\" content=\"720\" \/>\n\t<meta property=\"og:image:type\" content=\"image\/jpeg\" \/>\n<meta name=\"twitter:card\" content=\"summary_large_image\" \/>\n<meta name=\"twitter:label1\" content=\"Ansl. lesetid\" \/>\n\t<meta name=\"twitter:data1\" content=\"2 minutter\" \/>\n<!-- \/ Yoast SEO plugin. -->","yoast_head_json":{"title":"Sri Lanka Tourism Investment Opportunities | Hotels, Resorts","description":"Explore more in Sri Lanka Tourism Investment Opportunities. Development projects, real estate, and more","robots":{"index":"index","follow":"follow","max-snippet":"max-snippet:-1","max-image-preview":"max-image-preview:large","max-video-preview":"max-video-preview:-1"},"canonical":"https:\/\/silkwayceylontours.com\/no\/invest-with-us\/","og_locale":"nb_NO","og_type":"article","og_title":"Sri Lanka Tourism Investment Opportunities | Hotels, Resorts","og_description":"Explore more in Sri Lanka Tourism Investment Opportunities. Development projects, real estate, and more","og_url":"https:\/\/silkwayceylontours.com\/no\/invest-with-us\/","og_site_name":"Silk Way Ceylon Tours Pvt Ltd","article_modified_time":"2025-10-15T09:42:54+00:00","og_image":[{"width":1280,"height":720,"url":"https:\/\/silkwayceylontours.com\/wp-content\/uploads\/2024\/05\/aerial-view-of-colombo-city-2024-01-02-19-20-30-utc-1280.jpg","type":"image\/jpeg"}],"twitter_card":"summary_large_image","twitter_misc":{"Ansl. lesetid":"2 minutter"},"schema":{"@context":"https:\/\/schema.org","@graph":[{"@type":"WebPage","@id":"https:\/\/silkwayceylontours.com\/no\/invest-with-us\/","url":"https:\/\/silkwayceylontours.com\/no\/invest-with-us\/","name":"Sri Lanka Tourism Investment Opportunities | Hotels, Resorts","isPartOf":{"@id":"https:\/\/silkwayceylontours.com\/#website"},"primaryImageOfPage":{"@id":"https:\/\/silkwayceylontours.com\/no\/invest-with-us\/#primaryimage"},"image":{"@id":"https:\/\/silkwayceylontours.com\/no\/invest-with-us\/#primaryimage"},"thumbnailUrl":"https:\/\/silkwayceylontours.com\/wp-content\/uploads\/2024\/05\/aerial-view-of-colombo-city-2024-01-02-19-20-30-utc-1280.jpg","datePublished":"2024-05-27T04:56:24+00:00","dateModified":"2025-10-15T09:42:54+00:00","description":"Explore more in Sri Lanka Tourism Investment Opportunities. Development projects, real estate, and more","breadcrumb":{"@id":"https:\/\/silkwayceylontours.com\/no\/invest-with-us\/#breadcrumb"},"inLanguage":"nb-NO","potentialAction":[{"@type":"ReadAction","target":["https:\/\/silkwayceylontours.com\/no\/invest-with-us\/"]}]},{"@type":"ImageObject","inLanguage":"nb-NO","@id":"https:\/\/silkwayceylontours.com\/no\/invest-with-us\/#primaryimage","url":"https:\/\/silkwayceylontours.com\/wp-content\/uploads\/2024\/05\/aerial-view-of-colombo-city-2024-01-02-19-20-30-utc-1280.jpg","contentUrl":"https:\/\/silkwayceylontours.com\/wp-content\/uploads\/2024\/05\/aerial-view-of-colombo-city-2024-01-02-19-20-30-utc-1280.jpg"},{"@type":"BreadcrumbList","@id":"https:\/\/silkwayceylontours.com\/no\/invest-with-us\/#breadcrumb","itemListElement":[{"@type":"ListItem","position":1,"name":"Home","item":"https:\/\/silkwayceylontours.com\/sv\/"},{"@type":"ListItem","position":2,"name":"Invester hos oss"}]},{"@type":"WebSite","@id":"https:\/\/silkwayceylontours.com\/#website","url":"https:\/\/silkwayceylontours.com\/","name":"Silk Way Ceylon Tours Pvt Ltd","description":"Best Travel Agent in Sri Lanka","potentialAction":[{"@type":"SearchAction","target":{"@type":"EntryPoint","urlTemplate":"https:\/\/silkwayceylontours.com\/?s={search_term_string}"},"query-input":{"@type":"PropertyValueSpecification","valueRequired":true,"valueName":"search_term_string"}}],"inLanguage":"nb-NO"}]}},"_links":{"self":[{"href":"https:\/\/silkwayceylontours.com\/no\/wp-json\/wp\/v2\/pages\/19890","targetHints":{"allow":["GET"]}}],"collection":[{"href":"https:\/\/silkwayceylontours.com\/no\/wp-json\/wp\/v2\/pages"}],"about":[{"href":"https:\/\/silkwayceylontours.com\/no\/wp-json\/wp\/v2\/types\/page"}],"author":[{"embeddable":true,"href":"https:\/\/silkwayceylontours.com\/no\/wp-json\/wp\/v2\/users\/1"}],"replies":[{"embeddable":true,"href":"https:\/\/silkwayceylontours.com\/no\/wp-json\/wp\/v2\/comments?post=19890"}],"version-history":[{"count":4,"href":"https:\/\/silkwayceylontours.com\/no\/wp-json\/wp\/v2\/pages\/19890\/revisions"}],"predecessor-version":[{"id":25118,"href":"https:\/\/silkwayceylontours.com\/no\/wp-json\/wp\/v2\/pages\/19890\/revisions\/25118"}],"wp:attachment":[{"href":"https:\/\/silkwayceylontours.com\/no\/wp-json\/wp\/v2\/media?parent=19890"}],"curies":[{"name":"wp","href":"https:\/\/api.w.org\/{rel}","templated":true}]}}